{"id":47,"date":"2018-10-19T20:52:21","date_gmt":"2018-10-19T18:52:21","guid":{"rendered":"https:\/\/lepetitchatdedordogne.com\/?page_id=47"},"modified":"2026-03-10T21:41:15","modified_gmt":"2026-03-10T19:41:15","slug":"home","status":"publish","type":"page","link":"https:\/\/lepetitchatdedordogne.com\/","title":{"rendered":"Fran\u00e7ais"},"content":{"rendered":"<section id=\"home\">\n<article>\n<div id=\"intro\"><style>header .entry-title {display: none;}<\/style>\n<figure><img loading=\"lazy\" class=\"alignright size-full wp-image-110\" src=\"https:\/\/lepetitchatdedordogne.com\/wp-content\/uploads\/2018\/10\/lake-t.jpg\" alt=\"\" width=\"180\" height=\"135\" \/><\/figure>\n<p>Bienvenue au\u00a0<em>Petit Chat<\/em>\u00a0et \u00e0 Beaulieu-sur-Dordogne, une charmante cit\u00e9 m\u00e9di\u00e9vale, souvent consid\u00e9r\u00e9e comme la plus belle ville de la vall\u00e9e de la Dordogne.<\/p>\n<p>Beaulieu-sur-Dordogne est situ\u00e9e dans le sud du centre de la France, aux portes du Sud-Ouest, \u00e0 la limite\u00a0entre le Lot et la Corr\u00e8ze, au bord de la rivi\u00e8re Dordogne.<\/p>\n<figure><img loading=\"lazy\" class=\"size-full wp-image-101 alignright\" src=\"https:\/\/lepetitchatdedordogne.com\/wp-content\/uploads\/2018\/10\/beaulieu-t.jpg\" alt=\"Beaulieu vue de loin\" width=\"180\" height=\"121\" \/><\/figure>\n<p>Beaulieu est un village m\u00e9di\u00e9val de 1200 habitants, fond\u00e9 au IX \u00e8me si\u00e8cle autour de son abbaye.<\/p>\n<\/div>\n<h3>Activit\u00e9s<\/h3>\n<figure><img loading=\"lazy\" class=\"size-full wp-image-123 alignright\" src=\"https:\/\/lepetitchatdedordogne.com\/wp-content\/uploads\/2018\/10\/snow-t.jpg\" alt=\"Beaulieu eneig\u00e9\" width=\"180\" height=\"241\" \/><\/figure>\n<p>Natation, Cano\u00eb, Golf, \u00c9quitation et Tennis &#8211; Tous cela pr\u00e8s de Beaulieu. Et si vous d\u00e9cidez de visiter la r\u00e9gion durant l&rsquo;hiver, les pistes de ski du Massif Central ne sont qu&rsquo;\u00e0 quelques heures de route.<\/p>\n<h4>Explorer les environs<\/h4>\n<figure><img loading=\"lazy\" class=\"size-full wp-image-117 alignright\" src=\"https:\/\/lepetitchatdedordogne.com\/wp-content\/uploads\/2018\/10\/rooftop-t.jpg\" alt=\"Toits de Beaulieu\" width=\"180\" height=\"121\" \/><\/figure>\n<p>C&rsquo;est le lieu id\u00e9al comme point de d\u00e9part pour aller plus loin, comme\u00a0\u00e0 Rocamadour (30min en voiture), Cahors et les r\u00e9gions viticoles alentour (1h30 en voiture), ainsi que celles autour de Bergerac (tr\u00e8s bonne sortie pour une journ\u00e9e par exemple)&#8230;<\/p>\n<h3>Nos Chambres<\/h3>\n<p><em style=\"font-size: 1rem;\">Le Petit Chat<\/em>\u00a0offre trois chambres dans le style\u00a0<em style=\"font-size: 1rem;\">bed and breakfast<\/em>. Ces chambres ont \u00e9t\u00e9 r\u00e9nov\u00e9es en 2005, mais ont conserv\u00e9es leur charme d&rsquo;origine. Chaque chambre dispose d&rsquo;une salle de bain et deux d&rsquo;entre elles offrent une cuisinette. Nous pouvons aussi mettre \u00e0 votre disposition un appartement de deux chambres et un s\u00e9jour, lui aussi avec une salle de bain priv\u00e9e, pour des locations d&rsquo;une semaine minimum. L&rsquo;appartement peut aussi \u00eatre mis \u00e0 disposition hors saison sur demande.<\/p>\n<p>\u00a0<\/p>\n<h4>Arriv\u00e9s et d\u00e9parts<\/h4>\n<p>Les chambres sont disponibles \u00e0 partir de 16h00 et les d\u00e9parts devrons se faire au plus tard \u00e0 10h30.<\/p>\n<h4>Animaux<\/h4>\n<p>Nous acceptons les petits animaux, mais nous appr\u00e9cions que vous nous pr\u00e9veniez d&rsquo;avance.<\/p>\n<div id=\"infos\">\n<p>Nous parlons anglais, fran\u00e7ais, norv\u00e9gien, su\u00e9dois, danois et allemand.<\/p>\n<\/div>\n<\/article>\n<\/section>\n<section id=\"accomodation\">\n<article>\n<h1>H\u00e9bergement<\/h1>\n<p>Toutes les chambres sont grandes avec un grand lit double et ont la place pour un lit suppl\u00e9mentaire.<\/p>\n<h3>Prix<\/h3>\n<p>Les prix varient de 60\u20ac en basse saison \u00e0 90\u20ac en haute saison pour une personne et de 66\u20ac \u00e0 90\u20ac pour deux. Le lit suppl\u00e9mentaire co\u00fbte 25 euros (gratuit pour les enfant de moins de 2 ans). Le petit d\u00e9jeuner et la taxe de s\u00e9jour sont compris.<\/p>\n<h4>Chambre bleu<\/h4>\n<p>Ses murs sont en pierre avec des poutres apparentes au plafond et un ancien plancher \u00e0 lattes larges au sol. Il y a une grande salle de bain au carrelage bleu avec une douche. La chambre a une vue incomparable sur la rivi\u00e8re et la vall\u00e9e.<\/p>\n<figure><img loading=\"lazy\" class=\"alignleft size-medium wp-image-111\" src=\"https:\/\/lepetitchatdedordogne.com\/wp-content\/uploads\/2018\/10\/lit_bleu-224x300.jpg\" alt=\"\" width=\"224\" height=\"300\" srcset=\"https:\/\/lepetitchatdedordogne.com\/wp-content\/uploads\/2018\/10\/lit_bleu-224x300.jpg 224w, https:\/\/lepetitchatdedordogne.com\/wp-content\/uploads\/2018\/10\/lit_bleu.jpg 374w\" sizes=\"(max-width: 224px) 100vw, 224px\" \/><\/figure>\n<figure><img loading=\"lazy\" class=\"size-medium wp-image-118 alignleft\" src=\"https:\/\/lepetitchatdedordogne.com\/wp-content\/uploads\/2018\/10\/sdb_bleu-224x300.jpg\" alt=\"\" width=\"224\" height=\"300\" srcset=\"https:\/\/lepetitchatdedordogne.com\/wp-content\/uploads\/2018\/10\/sdb_bleu-224x300.jpg 224w, https:\/\/lepetitchatdedordogne.com\/wp-content\/uploads\/2018\/10\/sdb_bleu.jpg 374w\" sizes=\"(max-width: 224px) 100vw, 224px\" \/><\/figure>\n<p class=\"aligncenter\">\u00a0<\/p>\n<h4>Chambre verte<\/h4>\n<p>Ses murs sont aussi en pierre avec des poutres apparentes au plafond et le m\u00eame plancher au sol. Elle dispose d&rsquo;une grande salle de bain avec douche et le carrelage est vert. Elle a aussi une kitchenette. La vue donne sur la chapelle pr\u00e8s de la rivi\u00e8re.<\/p>\n<figure><img loading=\"lazy\" class=\"size-medium wp-image-113 alignleft\" src=\"https:\/\/lepetitchatdedordogne.com\/wp-content\/uploads\/2018\/10\/lit_vert-300x225.jpg\" alt=\"\" width=\"300\" height=\"225\" srcset=\"https:\/\/lepetitchatdedordogne.com\/wp-content\/uploads\/2018\/10\/lit_vert-300x225.jpg 300w, https:\/\/lepetitchatdedordogne.com\/wp-content\/uploads\/2018\/10\/lit_vert.jpg 700w\" sizes=\"(max-width: 300px) 100vw, 300px\" \/><\/figure>\n<figure><img loading=\"lazy\" class=\"size-medium wp-image-120 alignleft\" src=\"https:\/\/lepetitchatdedordogne.com\/wp-content\/uploads\/2018\/10\/sdb_vert-224x300.jpg\" alt=\"\" width=\"224\" height=\"300\" srcset=\"https:\/\/lepetitchatdedordogne.com\/wp-content\/uploads\/2018\/10\/sdb_vert-224x300.jpg 224w, https:\/\/lepetitchatdedordogne.com\/wp-content\/uploads\/2018\/10\/sdb_vert.jpg 374w\" sizes=\"(max-width: 224px) 100vw, 224px\" \/><\/figure>\n<p>\u00a0<\/p>\n<h4>La Chambre jaune<\/h4>\n<p>Comme les autres la chambre a des murs en pierre avec des poutres apparentes au plafond. La grande salle de bain est \u00e9quip\u00e9e d&rsquo;une baignoire et le carrelage est jaune. Elle a aussi une kitchenette. La vue surplombe le c\u0153ur historique de la ville.<\/p>\n<figure><img loading=\"lazy\" class=\"aligncenter size-medium wp-image-287\" src=\"https:\/\/lepetitchatdedordogne.com\/wp-content\/uploads\/2020\/06\/lit_jaune-1-225x300.jpg\" alt=\"\" width=\"225\" height=\"300\" srcset=\"https:\/\/lepetitchatdedordogne.com\/wp-content\/uploads\/2020\/06\/lit_jaune-1-225x300.jpg 225w, https:\/\/lepetitchatdedordogne.com\/wp-content\/uploads\/2020\/06\/lit_jaune-1-768x1024.jpg 768w, https:\/\/lepetitchatdedordogne.com\/wp-content\/uploads\/2020\/06\/lit_jaune-1-960x1280.jpg 960w, https:\/\/lepetitchatdedordogne.com\/wp-content\/uploads\/2020\/06\/lit_jaune-1.jpg 1000w\" sizes=\"(max-width: 225px) 100vw, 225px\" \/><\/figure>\n<p>\u00a0<\/p>\n<h3>Le petit d\u00e9jeuner<\/h3>\n<p>Nous servons un petit d\u00e9jeuner fran\u00e7ais, avec de l\u00e9g\u00e8res touches personnelles.<\/p>\n<p>Nous demandons un acompte de 20% \u00e0 la r\u00e9servation. Les ch\u00e8ques, le liquide et les virements directement vers nos comptes fran\u00e7ais ou norv\u00e9gien sont accept\u00e9s. Vous pouvez aussi payer \u00e0 l&rsquo;avance par carte de cr\u00e9dit en passant par Paypal.<\/p>\n<\/article>\n<\/section>\n<section id=\"tourist\">\n<article>\n<h1>Informations touristique<\/h1>\n<p>Beaulieu-sur-Dordogne se situe dans le sud du centre de la France, entre Midi et Limousin, P\u00e9rigord et Auvergne.<\/p>\n<h3>Sites int\u00e9ressants \u00e0 visiter<\/h3>\n<p>Beaulieu est \u00e0 proximit\u00e9 de tr\u00e8s nombreux sites int\u00e9ressants. La ville est assez proche de Cahors et de Bergerac, si vous voulez faire une excursion pour la journ\u00e9e.<\/p>\n<h3>En Corr\u00e8ze :<\/h3>\n<ul>\n<li>Collonge-la-Rouge 21km 20min<\/li>\n<li>Aubazine, son abbaye et son canal des moines<\/li>\n<li>Travassac et ses spectaculaires carri\u00e8res d&rsquo;ardoise<\/li>\n<li>Gimel et ses cascades<\/li>\n<li>Turenne 29km 30min<\/li>\n<li><a href=\"http:\/\/www.curemonte.org\/\">Curemonte 20km 20 \u00e0 30min<\/a><\/li>\n<\/ul>\n<h3>Dans le Lot :<\/h3>\n<ul>\n<li>Rocamadour 42km 30min<\/li>\n<li>Atelier-mus\u00e9e Lur\u00e7at (St-Laurent-les-Tours) 17km 20min<\/li>\n<li>Ch\u00e2teau de Castelnau-Bretenoux 8,5km 10min<\/li>\n<li>Grottes de Presque 18km 20min<\/li>\n<li>Gouffre de Padirac 28km 30min<\/li>\n<li>Cahors et ses vignobles 125km 1h30<\/li>\n<\/ul>\n<h4>Et aussi :<\/h4>\n<ul>\n<li>Grotte de Lascaux<\/li>\n<li>Vall\u00e9e de la V\u00e9z\u00e8re (class\u00e9e au Patrimoine mondial de l&rsquo;humanit\u00e9 par l&rsquo;UNESCO : berceau de l&rsquo;histoire europ\u00e9enne de l&rsquo;Homme) 96km 1h30<\/li>\n<li>Sarlat-la-Caneda 74km 1h30<\/li>\n<li>Bergerac 164km 2h<\/li>\n<li>Le P\u00e9rigord Blanc et P\u00e9rigueux 122km 1h40<\/li>\n<\/ul>\n<p>Beaulieu est proche de certains des plus beaux villages de France : Turenne, Collonge-la-Rouge, Loubressac ou plus loin St-Cirq-la-Popie.<br \/>Aurillac et le Cantal sont \u00e0 une heure de route, au pied des volcans d&rsquo;Auvergne : Puy de Sancy, Puy de D\u00f4me, ou des stations thermales : La Bourboule, Le Mont-Dore, Ou des stations de sports d&rsquo;hiver de Super-Besse ou du Lioran \u00e0 2h de Beaulieu. On y est aussi \u00e0 la porte du Quercy ou \u00e0 1h30 de l&rsquo;Aveyron, du Rouergue.<\/p>\n<h3>R\u00e9gions viticoles<\/h3>\n<p>La r\u00e9gion de Cahors 125 km \/ 1h 30min<br \/>La r\u00e9gion de Bergerac 164 km \/ 2h<br \/>La Val\u00e9e de Vezere (berceau de l&rsquo;histoire Europ\u00e9en de l&rsquo;Homme) 96km \/1h 30 min<\/p>\n<h3>Activit\u00e9s ext\u00e9rieurs<\/h3>\n<p>Natation, Cano\u00eb, Golf, \u00c9quitation et Tennis &#8211; Tous cela pr\u00e8s de Beaulieu. Et si vous d\u00e9cidez de visiter la r\u00e9gion durant l&rsquo;hiver, les pistes de ski du Massif Central ne sont qu&rsquo;\u00e0 quelques heures de route.<\/p>\n<h4>Liens<\/h4>\n<p><a href=\"http:\/\/www.beaulieu-tourisme.com\/\">Office de tourisme de Beaulieu sur Dordogne<\/a><br \/><a href=\"http:\/\/www.beaulieu-sur-dordogne.fr\/\">La Mairie<\/a><\/p>\n<h5>Compagnies a\u00e9riennes<\/h5>\n<p><a href=\"http:\/\/www.ryanair.com\/\">Ryan Air<\/a><br \/><a href=\"http:\/\/www.norwegian.no\/\">Norwegian Air<\/a>\u00a0(Oslo &#8211; Bordeaux ou Paris)<br \/><a href=\"http:\/\/www.brusselsairlines.com\/\">Brussel Air<\/a>\u00a0(Oslo &#8211; Toulouse)<\/p>\n<\/article>\n<\/section>\n<section id=\"location\">\n<h1>Localisation<\/h1>\n<article>\n<h4>Adresse<\/h4>\n<p>19, rue de la Chapelle, 19120, Beaulieu sur Dordogne, France.<br \/>Coordonn\u00e9es GPS:<br \/>Latitude : 44.980696 | Longitude : 1.836612<\/p>\n<p><iframe loading=\"lazy\" src=\"https:\/\/maps.google.fr\/maps?f=q&amp;source=s_q&amp;hl=fr&amp;geocode=&amp;q=19+Rue+de+la+Chapelle,+Beaulieu-sur-Dordogne&amp;aq=0&amp;oq=19&amp;sll=44.980792,1.836672&amp;sspn=0.001032,0.002642&amp;ie=UTF8&amp;hq=&amp;hnear=19+Rue+de+la+Chapelle,+19120+Beaulieu-sur-Dordogne,+Corr%C3%A8ze,+Limousin&amp;t=m&amp;z=14&amp;ll=44.98075,1.83666&amp;output=embed\" width=\"800\" height=\"500\" frameborder=\"0\" marginwidth=\"0\" marginheight=\"0\" scrolling=\"no\" data-mce-fragment=\"1\"><\/iframe><\/p>\n<p><!--\n\n\n\n<p><code>[leaflet-map lat=44.980696 lng=1.836612 zoom=25]<\/code><\/p>\n\n\n\n--><\/p>\n<\/article>\n<\/section>\n<section id=\"contact\">\n<h2>Nous contacter<\/h2>\n<article>\n<p>Pour plus d&rsquo;informations sur Le Petit Chat, veuillez remplir le formulaire ci-dessous. Si vous avez une demande particuli\u00e8re vous pouvez nous contacter et nous nous efforcerons de vous aider.<\/p>\n<p><em>Email:<\/em>\u00a0<noscript>Cette adresse email (dagestad @ lepetitchatdedordogne . com) est prot\u00e9g\u00e9e contre les bot par du javascript<\/noscript><script>var name = \"dagestad\";var domain = \"lepetitchatdedordogne.com\";var subject = \"subject=Information - le petit chat\";document.write('<a href=\\\"mailto:' + name + '@' + domain + '?' + subject + '\\\">');document.write(name + '@' + domain + '<\/a>')<\/script><\/p>\n<p><em>T\u00e9l\u00e9phone:<\/em>\u00a0<a href=\"tel:+33062343858\">0033(0)6 82 34 38 58<\/a><\/p>\n<\/article>\n<\/section>\n\n","protected":false},"excerpt":{"rendered":"<p>Bienvenue au\u00a0Petit Chat\u00a0et \u00e0 Beaulieu-sur-Dordogne, une charmante cit\u00e9 m\u00e9di\u00e9vale, souvent consid\u00e9r\u00e9e comme la plus belle ville de la vall\u00e9e de la Dordogne. Beaulieu-sur-Dordogne est situ\u00e9e dans le sud du centre de la France, aux portes du Sud-Ouest, \u00e0 la limite\u00a0entre le Lot et la Corr\u00e8ze, au bord de la rivi\u00e8re Dordogne. Beaulieu est un village [&hellip;]<\/p>\n","protected":false},"author":1,"featured_media":0,"parent":0,"menu_order":0,"comment_status":"closed","ping_status":"closed","template":"","meta":[],"_links":{"self":[{"href":"https:\/\/lepetitchatdedordogne.com\/index.php?rest_route=\/wp\/v2\/pages\/47"}],"collection":[{"href":"https:\/\/lepetitchatdedordogne.com\/index.php?rest_route=\/wp\/v2\/pages"}],"about":[{"href":"https:\/\/lepetitchatdedordogne.com\/index.php?rest_route=\/wp\/v2\/types\/page"}],"author":[{"embeddable":true,"href":"https:\/\/lepetitchatdedordogne.com\/index.php?rest_route=\/wp\/v2\/users\/1"}],"replies":[{"embeddable":true,"href":"https:\/\/lepetitchatdedordogne.com\/index.php?rest_route=%2Fwp%2Fv2%2Fcomments&post=47"}],"version-history":[{"count":77,"href":"https:\/\/lepetitchatdedordogne.com\/index.php?rest_route=\/wp\/v2\/pages\/47\/revisions"}],"predecessor-version":[{"id":445,"href":"https:\/\/lepetitchatdedordogne.com\/index.php?rest_route=\/wp\/v2\/pages\/47\/revisions\/445"}],"wp:attachment":[{"href":"https:\/\/lepetitchatdedordogne.com\/index.php?rest_route=%2Fwp%2Fv2%2Fmedia&parent=47"}],"curies":[{"name":"wp","href":"https:\/\/api.w.org\/{rel}","templated":true}]}}