{"id":94,"date":"2018-10-20T00:33:06","date_gmt":"2018-10-19T22:33:06","guid":{"rendered":"https:\/\/lepetitchatdedordogne.com\/?page_id=94"},"modified":"2026-03-10T21:16:08","modified_gmt":"2026-03-10T19:16:08","slug":"94-2","status":"publish","type":"page","link":"https:\/\/lepetitchatdedordogne.com\/?page_id=94&lang=nb","title":{"rendered":"Norsk"},"content":{"rendered":"<article>\n<div id=\"intro\"><style>header .entry-title {display: none;}<\/style>\n<figure><img loading=\"lazy\" class=\"alignright  wp-image-281\" src=\"https:\/\/lepetitchatdedordogne.com\/wp-content\/uploads\/2018\/10\/lake-300x225.jpg\" alt=\"Dordogne\" width=\"185\" height=\"139\" srcset=\"https:\/\/lepetitchatdedordogne.com\/wp-content\/uploads\/2018\/10\/lake-300x225.jpg 300w, https:\/\/lepetitchatdedordogne.com\/wp-content\/uploads\/2018\/10\/lake.jpg 600w\" sizes=\"(max-width: 185px) 100vw, 185px\" \/><\/figure>\n<p>Velkommen til Le Petit Chat og v\u00e5r sjarmerende middelalderby, Beaulieu sur Dordogne. Det blir av mange hevdet at det er den peneste byen i \u00f8vre dordogne.<\/p>\n<p>\u00a0<\/p>\n<p>Beaulieu ligger plassert i midten av Frankrike, i Correze fylke, langs elven Dordogne og er en aktiv middelalderby omkranset av sm\u00e5 landsbyer.<\/p>\n<figure><img loading=\"lazy\" class=\"alignright  wp-image-285\" src=\"https:\/\/lepetitchatdedordogne.com\/wp-content\/uploads\/2018\/10\/beaulieu-300x201.jpg\" alt=\"\" width=\"196\" height=\"131\" srcset=\"https:\/\/lepetitchatdedordogne.com\/wp-content\/uploads\/2018\/10\/beaulieu-300x201.jpg 300w, https:\/\/lepetitchatdedordogne.com\/wp-content\/uploads\/2018\/10\/beaulieu.jpg 600w\" sizes=\"(max-width: 196px) 100vw, 196px\" \/><\/figure>\n<\/div>\n<h3>Utend\u00f8rsaktiviteter<\/h3>\n<figure><img loading=\"lazy\" class=\"alignright  wp-image-277\" src=\"https:\/\/lepetitchatdedordogne.com\/wp-content\/uploads\/2018\/10\/snow-224x300.jpg\" alt=\"\" width=\"203\" height=\"272\" srcset=\"https:\/\/lepetitchatdedordogne.com\/wp-content\/uploads\/2018\/10\/snow-224x300.jpg 224w, https:\/\/lepetitchatdedordogne.com\/wp-content\/uploads\/2018\/10\/snow.jpg 374w\" sizes=\"(max-width: 203px) 100vw, 203px\" \/><\/figure>\n<p>Omr\u00e5det er ideelt for en aktiv ferie med sykling, sm\u00e5 og store fotturer, sv\u00f8mming, kanopadling, golf fisking og riding. God mat og drikke er omr\u00e5det ogs\u00e5 kjent for.<br \/>Vi har flere festivaler, \u00e5rlig jordb\u00e6rfestival i mai, og annet hvert \u00e5r er det middelalderfestival i september.<br \/>Hele sommeren har vi hver mandag lokalt marked ved elven hvor lokale produkter kan kj\u00f8pes, det er levende musikk, og muligheter for og kj\u00f8pe mat og drikke.<\/p>\n<h4>Utforsking av omr\u00e5det<\/h4>\n<figure><img loading=\"lazy\" class=\"alignright  wp-image-279\" src=\"https:\/\/lepetitchatdedordogne.com\/wp-content\/uploads\/2018\/10\/rooftop-300x201.jpg\" alt=\"\" width=\"218\" height=\"146\" srcset=\"https:\/\/lepetitchatdedordogne.com\/wp-content\/uploads\/2018\/10\/rooftop-300x201.jpg 300w, https:\/\/lepetitchatdedordogne.com\/wp-content\/uploads\/2018\/10\/rooftop.jpg 600w\" sizes=\"(max-width: 218px) 100vw, 218px\" \/><\/figure>\n<p>Beaulieu er ideelt som base for \u00e5 utforske omr\u00e5der lener unna; som Rocomandour (30 min i bil), Cahors (2 timer), Sarlat de Caneda (2 timer), vinomr\u00e5dene Cahors og Bergerac er begge en behagelig dagstur unna.<\/p>\n<h3>Rommene v\u00e5re<\/h3>\n<p>Le Petit Chat har 3 store rom som alle har plass til \u00e5 sette inn en ekstra seng.<br \/>Deler av huset v\u00e5rt stammer fra 15 hundre tallet. Rommene er pusset opp til moderne standard, men det gamle sjarmen er beholdt. Alle rommene har eget had, med dusj, det gule rommet har i tillegg badekar. 2 av rommene har ogs\u00e5 mini-kj\u00f8kken.<\/p>\n<h3>Inn- og utsjekking<\/h3>\n<p>Vi ber om at innsjekking skjer etter kl. 16.30, og utsjekking senest kl. 11.00<\/p>\n<h3>Dyr<\/h3>\n<p>Le Petit Chat aksepterer sm\u00e5 dyr, v\u00e6r s\u00e5 snill \u00e5 kontakte oss p\u00e5 forh\u00e5nd.<\/p>\n<div id=\"infos\">\n<p>Vi snakker Engelsk, Fransk, Tysk, Norsk, Swensk, and Dansk.<\/p>\n<\/div>\n<\/article>\n\n<section id=\"accomodation\">\n<article>\n<h3>Overnatting<\/h3>\n<p>Alle rommene er store og har king size senger (160 cm), Alle rommene har plass til en ekstraseng.<\/p>\n<h3>Priser<\/h3>\n<p>Prisene varierer fra 59\u20ac i lavsesongen til 73\u20ac i h\u00f8ysesongen (2 pers.), ekstraseng koster 20\u20ac, frokost og lokal overnattingsskatt er inkludert.<\/p>\n<h4>Det bl\u00e5 rommet<\/h4>\n<p>Har steinvegger og bjelker i taket og gamle brede gulvplanker. Det har et stort bad med dusj, og bl\u00e5 fliser. Rommet har en imponerende utsikt over dalen og elven.<\/p>\n<figure><img loading=\"lazy\" class=\"size-medium wp-image-270 alignleft\" src=\"https:\/\/lepetitchatdedordogne.com\/wp-content\/uploads\/2018\/10\/lit_bleu-224x300.jpg\" alt=\"\" width=\"224\" height=\"300\" srcset=\"https:\/\/lepetitchatdedordogne.com\/wp-content\/uploads\/2018\/10\/lit_bleu-224x300.jpg 224w, https:\/\/lepetitchatdedordogne.com\/wp-content\/uploads\/2018\/10\/lit_bleu.jpg 374w\" sizes=\"(max-width: 224px) 100vw, 224px\" \/><\/figure>\n<figure><img loading=\"lazy\" class=\"size-medium wp-image-272 alignleft\" src=\"https:\/\/lepetitchatdedordogne.com\/wp-content\/uploads\/2018\/10\/sdb_bleu-224x300.jpg\" alt=\"\" width=\"224\" height=\"300\" srcset=\"https:\/\/lepetitchatdedordogne.com\/wp-content\/uploads\/2018\/10\/sdb_bleu-224x300.jpg 224w, https:\/\/lepetitchatdedordogne.com\/wp-content\/uploads\/2018\/10\/sdb_bleu.jpg 374w\" sizes=\"(max-width: 224px) 100vw, 224px\" \/><\/figure>\n<p>\u00a0<\/p>\n<h4>Det gr\u00f8nne rommet<\/h4>\n<p>Har steinvegger og bjelker i taket og gamle brede gulvplanker. Bad med dusj, og gr\u00f8nne fliser. Det har ogs\u00e5 mini-kj\u00f8kken. Utsikt mot kapellet nede ved elven.<\/p>\n<figure><img loading=\"lazy\" class=\"size-medium wp-image-268 alignleft\" src=\"https:\/\/lepetitchatdedordogne.com\/wp-content\/uploads\/2018\/10\/lit_vert-300x225.jpg\" alt=\"\" width=\"300\" height=\"225\" srcset=\"https:\/\/lepetitchatdedordogne.com\/wp-content\/uploads\/2018\/10\/lit_vert-300x225.jpg 300w, https:\/\/lepetitchatdedordogne.com\/wp-content\/uploads\/2018\/10\/lit_vert.jpg 700w\" sizes=\"(max-width: 300px) 100vw, 300px\" \/><\/figure>\n<figure><img loading=\"lazy\" class=\"alignleft size-medium wp-image-274\" src=\"https:\/\/lepetitchatdedordogne.com\/wp-content\/uploads\/2018\/10\/sdb_vert-224x300.jpg\" alt=\"\" width=\"224\" height=\"300\" srcset=\"https:\/\/lepetitchatdedordogne.com\/wp-content\/uploads\/2018\/10\/sdb_vert-224x300.jpg 224w, https:\/\/lepetitchatdedordogne.com\/wp-content\/uploads\/2018\/10\/sdb_vert.jpg 374w\" sizes=\"(max-width: 224px) 100vw, 224px\" \/><\/figure>\n<p>\u00a0<\/p>\n<h4>Det gule rommet<\/h4>\n<p>Har steinvegger og bjelker i taket og laminatgulv. Stort bad med badekar, gulv med gule fliser. Mini-kj\u00f8kken. Utsikt mot byen.<\/p>\n<figure><img loading=\"lazy\" class=\"aligncenter size-medium wp-image-289\" src=\"https:\/\/lepetitchatdedordogne.com\/wp-content\/uploads\/2020\/06\/lit_jaune-1-225x300.jpg\" alt=\"\" width=\"225\" height=\"300\" srcset=\"https:\/\/lepetitchatdedordogne.com\/wp-content\/uploads\/2020\/06\/lit_jaune-1-225x300.jpg 225w, https:\/\/lepetitchatdedordogne.com\/wp-content\/uploads\/2020\/06\/lit_jaune-1-768x1024.jpg 768w, https:\/\/lepetitchatdedordogne.com\/wp-content\/uploads\/2020\/06\/lit_jaune-1-960x1280.jpg 960w, https:\/\/lepetitchatdedordogne.com\/wp-content\/uploads\/2020\/06\/lit_jaune-1.jpg 1000w\" sizes=\"(max-width: 225px) 100vw, 225px\" \/><\/figure>\n<p>\u00a0<\/p>\n<h3>Frokosten<\/h3>\n<p>Vi serverer fransk frokost, med en tvist.<\/p>\n<h3>Bestilling<\/h3>\n<p style=\"font-size: small;\">Vi ber om et 20 % depostitum ved bestilling. Franske sjekker, cash eller overf\u00f8ring direkte til norsk eller fransk konto aksepteres.<br \/>Vi tar ogs\u00e5 kredittkort p\u00e5 forskuddsbetaling via Paypal.<\/p>\n<\/article>\n<\/section>\n\n<section id=\"tourist\">\n<article>\n<h3>Tourist Information and Links<\/h3>\n<p>If you have not been to the region, you can roughly say that Beaulieu sur Dordogne lies in the middle of France. If you are familiar with the Dordogne region, the Department of Correze is just a bit further up-river.<br \/>Interesting Places to Visit<\/p>\n<p>Beaulieu har manger interesante steder \u00e5 bes\u00f8ke i n\u00e6rheten og b\u00e5de Cahors og Bergerac vinomr\u00e5derene\u00a0er korte dagsturer unna.<\/p>\n<ul>\n<li>Collonge la Rouge 21 km \/ 20 min<\/li>\n<li>Rocamadour 42 km \/ 45 min<\/li>\n<li>Atelier Mus\u00e9e Lurcat (St. Laurent Les Tours 17 km \/ 20 min<\/li>\n<li>Chateau Castelnau \u2013 Bretenoux 8,5 km \/ 10 min<\/li>\n<li>Grotte de Presque 18 km \/ 20 min<\/li>\n<li>Gouffre de Padirac 28 km \/ 30 min<\/li>\n<li>Turenne 29 km \/ 30 min<\/li>\n<li>Sarlat de Caneda 74 km \/ 1 time 30 min<\/li>\n<li>Perigueux 122 km \/ 1 time 40 min<\/li>\n<\/ul>\n<h3>Vinomr\u00e5der<\/h3>\n<p>Cahors 125 km\u00a0 \/ 1 time 30 min<br \/>Bergerac 164 km \/ 2 timer<br \/>The valley of Vezere (cradle of European human history) 96 km \/ 1 time 30 min<\/p>\n<h3>Outdoor Activities<\/h3>\n<p>Sv\u00f8mming, kayaking, golf, hesteridning, og tennis kan alle finnes innen en kort reise fra Beaulieu. Bestemmer du deg f\u00e5r \u00e5 bes\u00f8ke oss over vinteren er det mulig \u00e5 ski I Massif Central et parr timer unna.<\/p>\n<h4>Links<\/h4>\n<p><a href=\"http:\/\/www.beaulieu-sur-dordogne.fr\/\">Beaulieu-sur-Dordogne turristkontor<\/a><br \/><a href=\"http:\/\/www.beaulieu-sur-dordogne.fr\/\">R\u00e5dhuset<\/a><\/p>\n<h5>Airlines<\/h5>\n<p><a href=\"http:\/\/www.ryanair.com\">Ryan Air<\/a> (Diverse britiske flyplasser \u2013 Limoges; n\u00e6rmeste oss)<br \/><a href=\"http:\/\/www.norwegian.no\">Norwegian air<\/a> (Oslo \u2013 Bordeaux or Paris)<br \/><a href=\"http:\/\/www.brusselsairlines.com\">Brussel Air<\/a> (Oslo \u2013 Toulouse)<\/p>\n<\/article>\n<\/section>\n\n<section id=\"location\">\n<h4>Adresse :<\/h4>\n<p>19, rue de la chapelle, 19120, Beaulieu sur Dordogne, France.<\/p>\n<p><iframe loading=\"lazy\" src=\"https:\/\/maps.google.fr\/maps?f=q&amp;source=s_q&amp;hl=no&amp;geocode=&amp;q=19+Rue+de+la+Chapelle,+Beaulieu-sur-Dordogne&amp;aq=0&amp;oq=19&amp;sll=44.980792,1.836672&amp;sspn=0.001032,0.002642&amp;ie=UTF8&amp;hq=&amp;hnear=19+Rue+de+la+Chapelle,+19120+Beaulieu-sur-Dordogne,+Corr%C3%A8ze,+Limousin&amp;t=m&amp;z=14&amp;ll=44.98075,1.83666&amp;output=embed\" width=\"800\" height=\"500\" frameborder=\"0\" marginwidth=\"0\" marginheight=\"0\" scrolling=\"no\" data-mce-fragment=\"1\"><\/iframe><\/p>\n<\/section>\n\n<section id=\"contact\">\n<h2>Kontakt<\/h2>\n<p>For mer informasjon om Le Petit Chat, vennligst fyll ut skjemaet. Hviss du har noen spesielle foresp\u00f8rsler, Kan du kontakte oss, s\u00e5 skal vi pr\u00f8ve \u00e5 hjelpe deg s\u00e5 godt vi kan.<br \/><em>Email:<\/em>\u00a0<noscript>Dene epost addressen (dagestad @ lepetitchatdedordogne . com) er beskytet med javascript<\/noscript><script>var name = \"dagestad\";var domain = \"lepetitchatdedordogne.com\";var subject = \"subject=Informasjon - le petit chat\";document.write('<a href=\\\"mailto:' + name + '@' + domain + '?' + subject + '\\\">');document.write(name + '@' + domain + '<\/a>')<\/script><\/p>\n<p><em>Telefon:<\/em>\u00a0<a href=\"tel:+0033682343858\">0033 (0)682 343 858<\/a><\/p>\n<\/section>\n\n","protected":false},"excerpt":{"rendered":"<p>Velkommen til Le Petit Chat og v\u00e5r sjarmerende middelalderby, Beaulieu sur Dordogne. Det blir av mange hevdet at det er den peneste byen i \u00f8vre dordogne. \u00a0 Beaulieu ligger plassert i midten av Frankrike, i Correze fylke, langs elven Dordogne og er en aktiv middelalderby omkranset av sm\u00e5 landsbyer. Utend\u00f8rsaktiviteter Omr\u00e5det er ideelt for en [&hellip;]<\/p>\n","protected":false},"author":1,"featured_media":0,"parent":0,"menu_order":0,"comment_status":"closed","ping_status":"closed","template":"","meta":[],"_links":{"self":[{"href":"https:\/\/lepetitchatdedordogne.com\/index.php?rest_route=\/wp\/v2\/pages\/94"}],"collection":[{"href":"https:\/\/lepetitchatdedordogne.com\/index.php?rest_route=\/wp\/v2\/pages"}],"about":[{"href":"https:\/\/lepetitchatdedordogne.com\/index.php?rest_route=\/wp\/v2\/types\/page"}],"author":[{"embeddable":true,"href":"https:\/\/lepetitchatdedordogne.com\/index.php?rest_route=\/wp\/v2\/users\/1"}],"replies":[{"embeddable":true,"href":"https:\/\/lepetitchatdedordogne.com\/index.php?rest_route=%2Fwp%2Fv2%2Fcomments&post=94"}],"version-history":[{"count":39,"href":"https:\/\/lepetitchatdedordogne.com\/index.php?rest_route=\/wp\/v2\/pages\/94\/revisions"}],"predecessor-version":[{"id":434,"href":"https:\/\/lepetitchatdedordogne.com\/index.php?rest_route=\/wp\/v2\/pages\/94\/revisions\/434"}],"wp:attachment":[{"href":"https:\/\/lepetitchatdedordogne.com\/index.php?rest_route=%2Fwp%2Fv2%2Fmedia&parent=94"}],"curies":[{"name":"wp","href":"https:\/\/api.w.org\/{rel}","templated":true}]}}